{"id":1506,"date":"2025-01-29T20:16:10","date_gmt":"2025-01-29T19:16:10","guid":{"rendered":"https:\/\/apv-ka.de\/?page_id=1506"},"modified":"2025-02-05T20:27:19","modified_gmt":"2025-02-05T19:27:19","slug":"apv-fachtagung-2025","status":"publish","type":"page","link":"https:\/\/apv-ka.de\/?page_id=1506","title":{"rendered":"APV Fachtagung 2025"},"content":{"rendered":"    <h1 style=\"text-align: center; margin-bottom: 20px;\">APV Fachtagung 2026 \u2013 Anmeldung<\/h1>\n    <form id=\"apv-registration-form\" method=\"post\" action=\"https:\/\/apv-ka.de\/?page_id=1506\" style=\"display: grid; grid-template-columns: 1fr; gap: 15px; font-family: Arial, sans-serif; color: #333; max-width: 850px; margin: 0 auto;\">\n    <input type=\"hidden\" id=\"apv_registration_nonce\" name=\"apv_registration_nonce\" value=\"f1c74876a4\" \/><input type=\"hidden\" name=\"_wp_http_referer\" value=\"\/index.php?rest_route=%2Fwp%2Fv2%2Fpages%2F1506\" \/>    <input type=\"hidden\" name=\"apv_event_id\" value=\"1\">\n    <input type=\"hidden\" name=\"apv_form_url\" value=\"https:\/\/apv-ka.de\/?page_id=1506\">\n    <div style=\"display: grid; gap: 10px;\"><label for=\"first_name\" style=\"font-weight: bold;\">Vorname:<\/label><input type=\"text\" id=\"first_name\" name=\"first_name\" required autocomplete=\"given-name\" style=\"border: 1px solid #555; padding: 8px; border-radius: 4px;\"><\/div><div style=\"display: grid; gap: 10px;\"><label for=\"last_name\" style=\"font-weight: bold;\">Nachname:<\/label><input type=\"text\" id=\"last_name\" name=\"last_name\" required autocomplete=\"family-name\" style=\"border: 1px solid #555; padding: 8px; border-radius: 4px;\"><\/div><div style=\"display: grid; gap: 10px;\"><label for=\"email\" style=\"font-weight: bold;\">E-Mail-Adresse:<\/label><input type=\"email\" id=\"email\" name=\"email\" required autocomplete=\"email\" style=\"border: 1px solid #555; padding: 8px; border-radius: 4px;\"><\/div><div style=\"display: grid; gap: 10px;\"><label for=\"post_code\" style=\"font-weight: bold;\">Postleitzahl:<\/label><input type=\"text\" id=\"post_code\" name=\"post_code\" autocomplete=\"postal-code\" style=\"border: 1px solid #555; padding: 8px; border-radius: 4px;\"><\/div><div style=\"display: grid; gap: 10px;\"><label for=\"city\" style=\"font-weight: bold;\">Ort:<\/label><input type=\"text\" id=\"city\" name=\"city\" autocomplete=\"address-level2\" style=\"border: 1px solid #555; padding: 8px; border-radius: 4px;\"><\/div><div style=\"display: grid; gap: 10px;\"><label for=\"street_number\" style=\"font-weight: bold;\">Stra\u00dfe und Hausnummer:<\/label><input type=\"text\" id=\"street_number\" name=\"street_number\" autocomplete=\"street-address\" style=\"border: 1px solid #555; padding: 8px; border-radius: 4px;\"><\/div><div style=\"display: grid; gap: 10px;\"><label for=\"company\" style=\"font-weight: bold;\">Firma:<\/label><input type=\"text\" id=\"company\" name=\"company\" autocomplete=\"organization\" style=\"border: 1px solid #555; padding: 8px; border-radius: 4px;\"><\/div><div style=\"display: grid; gap: 10px;\"><label for=\"position\" style=\"font-weight: bold;\">Position:<\/label><input type=\"text\" id=\"position\" name=\"position\" autocomplete=\"organization-title\" style=\"border: 1px solid #555; padding: 8px; border-radius: 4px;\"><\/div><div style=\"display: grid; gap: 10px;\"><label style=\"font-weight: bold;\"><input type=\"checkbox\" id=\"company_invoice\" name=\"company_invoice\" value=\"1\"> Firmenrechnung gew\u00fcnscht<\/label><\/div><div id=\"company_address_field\" style=\"display:none; border: 1px solid #555; padding: 10px; margin-top: 10px;\"><label for=\"company_post_code\" style=\"font-weight: bold;\">Postleitzahl:<\/label><input type=\"text\" id=\"company_post_code\" name=\"company_post_code\" autocomplete=\"postal-code\" style=\"border: 1px solid #555; padding: 8px; border-radius: 4px;\"> <label for=\"company_city\" style=\"font-weight: bold;\">Ort:<\/label><input type=\"text\" id=\"company_city\" name=\"company_city\" autocomplete=\"address-level2\" style=\"border: 1px solid #555; padding: 8px; border-radius: 4px;\"> <label for=\"company_street_number\" style=\"font-weight: bold;\">Stra\u00dfe und Hausnummer:<\/label><input type=\"text\" id=\"company_street_number\" name=\"company_street_number\" autocomplete=\"street-address\" style=\"border: 1px solid #555; padding: 8px; border-radius: 4px;\"><\/div><div style=\"display: grid; gap: 10px;\"><label for=\"affiliation\" style=\"font-weight: bold;\">Zugeh\u00f6rigkeit:<\/label><select id=\"affiliation\" name=\"affiliation\" style=\"border: 1px solid #555; padding: 8px; border-radius: 4px;\"><option value=\"Keine\">Keine<\/option><option value=\"Aktiver Student\">Aktiver Student<\/option><option value=\"VGP\">VGP<\/option><option value=\"VPM\">VPM<\/option><option value=\"APV Darmstadt\">APV Darmstadt<\/option><option value=\"APV Dresden\">APV Dresden<\/option><option value=\"APV Karlsruhe\">APV Karlsruhe<\/option><\/select><\/div><div style=\"display: grid; gap: 10px;\"><label style=\"font-weight: bold;\"><input type=\"checkbox\" id=\"get_together_booking\" name=\"get_together_booking\" value=\"1\"> Teilnahme am Get-together am 23.04.2026<\/label><\/div><div style=\"display: grid; gap: 10px;\"><label style=\"font-weight: bold;\"><input type=\"checkbox\" id=\"overnight_booking\" name=\"overnight_booking\" value=\"1\"> \u00dcbernachtung vom 23.04.-24.04.2026<\/label><\/div><div style=\"display: grid; gap: 10px;\"><label style=\"font-weight: bold;\"><input type=\"checkbox\" id=\"dinner_booking\" name=\"dinner_booking\" value=\"1\"> Teilnahme am Abendessen am 24.04.2026<\/label><\/div><div class=\"apv-freetext\" style=\"gap: 10px;\">Die Anmeldung ist bindend. Die Rechnungsstellung erfolgt im Nachgang \u00fcber den APV Karlsruhe e.V.<\/div><div class=\"apv-freetext\" style=\"gap: 10px;\">Wir behalten uns vor Bildmaterial f\u00fcr \u00d6ffentlichkeitsarbeit aufzunehmen. Wenn Sie nicht fotografiert werden m\u00f6chten, melden Sie sich bitte vor Ort kurz bei unserer Fotografin.<\/div><div class=\"apv-freetext\" style=\"gap: 10px;\"><b>Rechnung APV<\/b><\/br>\u00dcbernachtung inkl. Fr\u00fchst\u00fcck \u2013 75 \u20ac\r\n<\/br>Tagungspauschale inkl. Verpflegung \u2013 119 \u20ac<\/div><div class=\"apv-freetext\" style=\"gap: 10px;\"><b>Falls Sie vegetarische Kost bevorzugen oder wir eine Unvertr\u00e4glichkeit ber\u00fccksichtigen sollen, melden Sie sich bitte unter info@apv-ka.de.<\/b><\/div><div class=\"apv-freetext\" style=\"gap: 10px;\"><br><br><br>\r\n<b style=\"color:#e03f3f\">\r\nSollte diese Seite nach dem Klick auf \"Registrieren\" keine Registrierungsbest\u00e4tigung anzeigen kontaktieren Sie uns bitte kurz per Mail.\r\n<\/b><\/div>        <div style=\"display: grid; gap: 10px;\">\n    <input type=\"submit\" id=\"submit-btn\" value=\"Registrieren\" style=\"border: 1px solid #555; padding: 10px; background-color: #555; color: #fff; cursor: pointer; border-radius: 4px;\">\n    <\/div>\n    <\/form>\n        <script type=\"text\/javascript\">\n    var ci = document.getElementById('company_invoice');\n    if (ci) ci.addEventListener('change', function() {\n        var el = document.getElementById('company_address_field');\n        if (el) el.style.display = this.checked ? 'block' : 'none';\n    });\n        <\/script>\n                \n\n\n\n<p><\/p>\n","protected":false},"excerpt":{"rendered":"","protected":false},"author":1,"featured_media":0,"parent":0,"menu_order":0,"comment_status":"closed","ping_status":"closed","template":"","meta":{"_monsterinsights_skip_tracking":false,"_monsterinsights_sitenote_active":false,"_monsterinsights_sitenote_note":"","_monsterinsights_sitenote_category":0,"site-sidebar-layout":"default","site-content-layout":"","ast-site-content-layout":"default","site-content-style":"default","site-sidebar-style":"default","ast-global-header-display":"","ast-banner-title-visibility":"","ast-main-header-display":"","ast-hfb-above-header-display":"","ast-hfb-below-header-display":"","ast-hfb-mobile-header-display":"","site-post-title":"","ast-breadcrumbs-content":"","ast-featured-img":"","footer-sml-layout":"","ast-disable-related-posts":"","theme-transparent-header-meta":"","adv-header-id-meta":"","stick-header-meta":"","header-above-stick-meta":"","header-main-stick-meta":"","header-below-stick-meta":"","astra-migrate-meta-layouts":"default","ast-page-background-enabled":"default","ast-page-background-meta":{"desktop":{"background-color":"var(--ast-global-color-5)","background-image":"","background-repeat":"repeat","background-position":"center center","background-size":"auto","background-attachment":"scroll","background-type":"","background-media":"","overlay-type":"","overlay-color":"","overlay-opacity":"","overlay-gradient":""},"tablet":{"background-color":"","background-image":"","background-repeat":"repeat","background-position":"center center","background-size":"auto","background-attachment":"scroll","background-type":"","background-media":"","overlay-type":"","overlay-color":"","overlay-opacity":"","overlay-gradient":""},"mobile":{"background-color":"","background-image":"","background-repeat":"repeat","background-position":"center center","background-size":"auto","background-attachment":"scroll","background-type":"","background-media":"","overlay-type":"","overlay-color":"","overlay-opacity":"","overlay-gradient":""}},"ast-content-background-meta":{"desktop":{"background-color":"var(--ast-global-color-4)","background-image":"","background-repeat":"repeat","background-position":"center center","background-size":"auto","background-attachment":"scroll","background-type":"","background-media":"","overlay-type":"","overlay-color":"","overlay-opacity":"","overlay-gradient":""},"tablet":{"background-color":"var(--ast-global-color-4)","background-image":"","background-repeat":"repeat","background-position":"center center","background-size":"auto","background-attachment":"scroll","background-type":"","background-media":"","overlay-type":"","overlay-color":"","overlay-opacity":"","overlay-gradient":""},"mobile":{"background-color":"var(--ast-global-color-4)","background-image":"","background-repeat":"repeat","background-position":"center center","background-size":"auto","background-attachment":"scroll","background-type":"","background-media":"","overlay-type":"","overlay-color":"","overlay-opacity":"","overlay-gradient":""}},"footnotes":""},"class_list":["post-1506","page","type-page","status-publish","hentry"],"featured_image_src":null,"_links":{"self":[{"href":"https:\/\/apv-ka.de\/index.php?rest_route=\/wp\/v2\/pages\/1506","targetHints":{"allow":["GET"]}}],"collection":[{"href":"https:\/\/apv-ka.de\/index.php?rest_route=\/wp\/v2\/pages"}],"about":[{"href":"https:\/\/apv-ka.de\/index.php?rest_route=\/wp\/v2\/types\/page"}],"author":[{"embeddable":true,"href":"https:\/\/apv-ka.de\/index.php?rest_route=\/wp\/v2\/users\/1"}],"replies":[{"embeddable":true,"href":"https:\/\/apv-ka.de\/index.php?rest_route=%2Fwp%2Fv2%2Fcomments&post=1506"}],"version-history":[{"count":7,"href":"https:\/\/apv-ka.de\/index.php?rest_route=\/wp\/v2\/pages\/1506\/revisions"}],"predecessor-version":[{"id":2046,"href":"https:\/\/apv-ka.de\/index.php?rest_route=\/wp\/v2\/pages\/1506\/revisions\/2046"}],"wp:attachment":[{"href":"https:\/\/apv-ka.de\/index.php?rest_route=%2Fwp%2Fv2%2Fmedia&parent=1506"}],"curies":[{"name":"wp","href":"https:\/\/api.w.org\/{rel}","templated":true}]}}